{"id":74,"date":"2020-10-31T11:27:38","date_gmt":"2020-10-31T11:27:38","guid":{"rendered":"http:\/\/sophie-cohen-psychologue.com\/?page_id=74"},"modified":"2021-05-22T20:46:44","modified_gmt":"2021-05-22T18:46:44","slug":"cabinet","status":"publish","type":"page","link":"https:\/\/sophie-cohen-psychologue.com\/index.php\/cabinet\/","title":{"rendered":"Le cabinet"},"content":{"rendered":"<p><strong>Mon cabinet est situ\u00e9 au\u00a0 7, rue Broca dans le 5<sup>e<\/sup> arrondissement de Paris. Vous pouvez me contacter au 06 95 82 20 87 ou par mail : <a href=\"mailto:sophie.cohen.psychologue@gmail.com\">sophie.cohen.psychologue@gmail.com<\/a>.<\/strong><\/p>\n<p><iframe loading=\"lazy\" style=\"border: 0;\" tabindex=\"0\" src=\"https:\/\/www.google.com\/maps\/embed?pb=!1m18!1m12!1m3!1d2626.054265659163!2d2.348085133672969!3d48.838103593174786!2m3!1f0!2f0!3f0!3m2!1i1024!2i768!4f13.1!3m3!1m2!1s0x47e671ec7d01bbe9%3A0x16670ef2349367a3!2s7%20Rue%20Broca%2C%2075005%20Paris!5e0!3m2!1sfr!2sfr!4v1604150132312!5m2!1sfr!2sfr\" width=\"100%\" height=\"500\" frameborder=\"0\" allowfullscreen=\"allowfullscreen\" aria-hidden=\"false\"><\/iframe><\/p>\n<h2>Transports :<\/h2>\n<p>M\u00e9tro : Censier-Daubenton (ligne 7)<br \/>Bus\u00a0: 21, 24, 27, 47, 59, 83, 91<\/p>\n\n\n<figure class=\"wp-block-image size-large\"><img loading=\"lazy\" decoding=\"async\" width=\"1024\" height=\"768\" src=\"http:\/\/sophie-cohen-psychologue.com\/wp-content\/uploads\/2020\/11\/Sophie-Cohen-Psychologue-Paris-5e-Seances-1024x768.jpg\" alt=\"Sophie Cohen Psychologue Paris 5e S\u00e9ances\" class=\"wp-image-220\" srcset=\"https:\/\/sophie-cohen-psychologue.com\/wp-content\/uploads\/2020\/11\/Sophie-Cohen-Psychologue-Paris-5e-Seances-1024x768.jpg 1024w, https:\/\/sophie-cohen-psychologue.com\/wp-content\/uploads\/2020\/11\/Sophie-Cohen-Psychologue-Paris-5e-Seances-300x225.jpg 300w, https:\/\/sophie-cohen-psychologue.com\/wp-content\/uploads\/2020\/11\/Sophie-Cohen-Psychologue-Paris-5e-Seances-768x576.jpg 768w, https:\/\/sophie-cohen-psychologue.com\/wp-content\/uploads\/2020\/11\/Sophie-Cohen-Psychologue-Paris-5e-Seances.jpg 1386w\" sizes=\"auto, (max-width: 1024px) 100vw, 1024px\" \/><\/figure>\n","protected":false},"excerpt":{"rendered":"<p>Mon cabinet est situ\u00e9 au\u00a0 7, rue Broca dans le 5e arrondissement de Paris. Vous pouvez me contacter au 06 95 82 20 87 ou par mail : sophie.cohen.psychologue@gmail.com. Transports : M\u00e9tro : Censier-Daubenton (ligne 7)Bus\u00a0: 21, 24, 27, 47, 59, 83, 91<\/p>\n","protected":false},"author":1,"featured_media":0,"parent":0,"menu_order":0,"comment_status":"closed","ping_status":"closed","template":"","meta":{"footnotes":""},"class_list":["post-74","page","type-page","status-publish","hentry"],"yoast_head":"<!-- This site is optimized with the Yoast SEO plugin v27.6 - https:\/\/yoast.com\/product\/yoast-seo-wordpress\/ -->\n<title>Le cabinet | Sophie Cohen, psychologue Paris 5e<\/title>\n<meta name=\"description\" content=\"Mon cabinet est situ\u00e9 \u00e0 Paris dans le 5e arrondissement (m\u00e9tro Censier-Daubenton, ligne 7).\" \/>\n<meta name=\"robots\" content=\"index, follow, max-snippet:-1, max-image-preview:large, max-video-preview:-1\" \/>\n<link rel=\"canonical\" href=\"https:\/\/sophie-cohen-psychologue.com\/index.php\/cabinet\/\" \/>\n<meta property=\"og:locale\" content=\"fr_FR\" \/>\n<meta property=\"og:type\" content=\"article\" \/>\n<meta property=\"og:title\" content=\"Le cabinet | Sophie Cohen, psychologue Paris 5e\" \/>\n<meta property=\"og:description\" content=\"Mon cabinet est situ\u00e9 \u00e0 Paris dans le 5e arrondissement (m\u00e9tro Censier-Daubenton, ligne 7).\" \/>\n<meta property=\"og:url\" content=\"https:\/\/sophie-cohen-psychologue.com\/index.php\/cabinet\/\" \/>\n<meta property=\"og:site_name\" content=\"Sophie Cohen, psychologue Paris 5e\" \/>\n<meta property=\"article:modified_time\" content=\"2021-05-22T18:46:44+00:00\" \/>\n<meta property=\"og:image\" content=\"http:\/\/sophie-cohen-psychologue.com\/wp-content\/uploads\/2020\/11\/Sophie-Cohen-Psychologue-Paris-5e-Seances-1024x768.jpg\" \/>\n<meta name=\"twitter:card\" content=\"summary_large_image\" \/>\n<script type=\"application\/ld+json\" class=\"yoast-schema-graph\">{\"@context\":\"https:\\\/\\\/schema.org\",\"@graph\":[{\"@type\":\"WebPage\",\"@id\":\"https:\\\/\\\/sophie-cohen-psychologue.com\\\/index.php\\\/cabinet\\\/\",\"url\":\"https:\\\/\\\/sophie-cohen-psychologue.com\\\/index.php\\\/cabinet\\\/\",\"name\":\"Le cabinet | Sophie Cohen, psychologue Paris 5e\",\"isPartOf\":{\"@id\":\"https:\\\/\\\/sophie-cohen-psychologue.com\\\/#website\"},\"primaryImageOfPage\":{\"@id\":\"https:\\\/\\\/sophie-cohen-psychologue.com\\\/index.php\\\/cabinet\\\/#primaryimage\"},\"image\":{\"@id\":\"https:\\\/\\\/sophie-cohen-psychologue.com\\\/index.php\\\/cabinet\\\/#primaryimage\"},\"thumbnailUrl\":\"http:\\\/\\\/sophie-cohen-psychologue.com\\\/wp-content\\\/uploads\\\/2020\\\/11\\\/Sophie-Cohen-Psychologue-Paris-5e-Seances-1024x768.jpg\",\"datePublished\":\"2020-10-31T11:27:38+00:00\",\"dateModified\":\"2021-05-22T18:46:44+00:00\",\"description\":\"Mon cabinet est situ\u00e9 \u00e0 Paris dans le 5e arrondissement (m\u00e9tro Censier-Daubenton, ligne 7).\",\"breadcrumb\":{\"@id\":\"https:\\\/\\\/sophie-cohen-psychologue.com\\\/index.php\\\/cabinet\\\/#breadcrumb\"},\"inLanguage\":\"fr-FR\",\"potentialAction\":[{\"@type\":\"ReadAction\",\"target\":[\"https:\\\/\\\/sophie-cohen-psychologue.com\\\/index.php\\\/cabinet\\\/\"]}]},{\"@type\":\"ImageObject\",\"inLanguage\":\"fr-FR\",\"@id\":\"https:\\\/\\\/sophie-cohen-psychologue.com\\\/index.php\\\/cabinet\\\/#primaryimage\",\"url\":\"http:\\\/\\\/sophie-cohen-psychologue.com\\\/wp-content\\\/uploads\\\/2020\\\/11\\\/Sophie-Cohen-Psychologue-Paris-5e-Seances-1024x768.jpg\",\"contentUrl\":\"http:\\\/\\\/sophie-cohen-psychologue.com\\\/wp-content\\\/uploads\\\/2020\\\/11\\\/Sophie-Cohen-Psychologue-Paris-5e-Seances-1024x768.jpg\"},{\"@type\":\"BreadcrumbList\",\"@id\":\"https:\\\/\\\/sophie-cohen-psychologue.com\\\/index.php\\\/cabinet\\\/#breadcrumb\",\"itemListElement\":[{\"@type\":\"ListItem\",\"position\":1,\"name\":\"Accueil\",\"item\":\"https:\\\/\\\/sophie-cohen-psychologue.com\\\/\"},{\"@type\":\"ListItem\",\"position\":2,\"name\":\"Le cabinet\"}]},{\"@type\":\"WebSite\",\"@id\":\"https:\\\/\\\/sophie-cohen-psychologue.com\\\/#website\",\"url\":\"https:\\\/\\\/sophie-cohen-psychologue.com\\\/\",\"name\":\"Sophie Cohen, psychologue Paris 5e\",\"description\":\"\",\"publisher\":{\"@id\":\"https:\\\/\\\/sophie-cohen-psychologue.com\\\/#\\\/schema\\\/person\\\/fca3c7ff1eb34da06cd173b137d4852a\"},\"potentialAction\":[{\"@type\":\"SearchAction\",\"target\":{\"@type\":\"EntryPoint\",\"urlTemplate\":\"https:\\\/\\\/sophie-cohen-psychologue.com\\\/?s={search_term_string}\"},\"query-input\":{\"@type\":\"PropertyValueSpecification\",\"valueRequired\":true,\"valueName\":\"search_term_string\"}}],\"inLanguage\":\"fr-FR\"},{\"@type\":[\"Person\",\"Organization\"],\"@id\":\"https:\\\/\\\/sophie-cohen-psychologue.com\\\/#\\\/schema\\\/person\\\/fca3c7ff1eb34da06cd173b137d4852a\",\"name\":\"Sophie Cohen, psychologue Paris 5e\",\"image\":{\"@type\":\"ImageObject\",\"inLanguage\":\"fr-FR\",\"@id\":\"https:\\\/\\\/secure.gravatar.com\\\/avatar\\\/d55f155746c19096fe7e8a9d093fa497cd007adb27fb0bcf3b61cd31a928956a?s=96&d=mm&r=g\",\"url\":\"https:\\\/\\\/secure.gravatar.com\\\/avatar\\\/d55f155746c19096fe7e8a9d093fa497cd007adb27fb0bcf3b61cd31a928956a?s=96&d=mm&r=g\",\"contentUrl\":\"https:\\\/\\\/secure.gravatar.com\\\/avatar\\\/d55f155746c19096fe7e8a9d093fa497cd007adb27fb0bcf3b61cd31a928956a?s=96&d=mm&r=g\",\"caption\":\"Sophie Cohen, psychologue Paris 5e\"},\"logo\":{\"@id\":\"https:\\\/\\\/secure.gravatar.com\\\/avatar\\\/d55f155746c19096fe7e8a9d093fa497cd007adb27fb0bcf3b61cd31a928956a?s=96&d=mm&r=g\"},\"sameAs\":[\"http:\\\/\\\/sophie-cohen-psychologue.com\"]}]}<\/script>\n<!-- \/ Yoast SEO plugin. -->","yoast_head_json":{"title":"Le cabinet | Sophie Cohen, psychologue Paris 5e","description":"Mon cabinet est situ\u00e9 \u00e0 Paris dans le 5e arrondissement (m\u00e9tro Censier-Daubenton, ligne 7).","robots":{"index":"index","follow":"follow","max-snippet":"max-snippet:-1","max-image-preview":"max-image-preview:large","max-video-preview":"max-video-preview:-1"},"canonical":"https:\/\/sophie-cohen-psychologue.com\/index.php\/cabinet\/","og_locale":"fr_FR","og_type":"article","og_title":"Le cabinet | Sophie Cohen, psychologue Paris 5e","og_description":"Mon cabinet est situ\u00e9 \u00e0 Paris dans le 5e arrondissement (m\u00e9tro Censier-Daubenton, ligne 7).","og_url":"https:\/\/sophie-cohen-psychologue.com\/index.php\/cabinet\/","og_site_name":"Sophie Cohen, psychologue Paris 5e","article_modified_time":"2021-05-22T18:46:44+00:00","og_image":[{"url":"http:\/\/sophie-cohen-psychologue.com\/wp-content\/uploads\/2020\/11\/Sophie-Cohen-Psychologue-Paris-5e-Seances-1024x768.jpg","type":"","width":"","height":""}],"twitter_card":"summary_large_image","schema":{"@context":"https:\/\/schema.org","@graph":[{"@type":"WebPage","@id":"https:\/\/sophie-cohen-psychologue.com\/index.php\/cabinet\/","url":"https:\/\/sophie-cohen-psychologue.com\/index.php\/cabinet\/","name":"Le cabinet | Sophie Cohen, psychologue Paris 5e","isPartOf":{"@id":"https:\/\/sophie-cohen-psychologue.com\/#website"},"primaryImageOfPage":{"@id":"https:\/\/sophie-cohen-psychologue.com\/index.php\/cabinet\/#primaryimage"},"image":{"@id":"https:\/\/sophie-cohen-psychologue.com\/index.php\/cabinet\/#primaryimage"},"thumbnailUrl":"http:\/\/sophie-cohen-psychologue.com\/wp-content\/uploads\/2020\/11\/Sophie-Cohen-Psychologue-Paris-5e-Seances-1024x768.jpg","datePublished":"2020-10-31T11:27:38+00:00","dateModified":"2021-05-22T18:46:44+00:00","description":"Mon cabinet est situ\u00e9 \u00e0 Paris dans le 5e arrondissement (m\u00e9tro Censier-Daubenton, ligne 7).","breadcrumb":{"@id":"https:\/\/sophie-cohen-psychologue.com\/index.php\/cabinet\/#breadcrumb"},"inLanguage":"fr-FR","potentialAction":[{"@type":"ReadAction","target":["https:\/\/sophie-cohen-psychologue.com\/index.php\/cabinet\/"]}]},{"@type":"ImageObject","inLanguage":"fr-FR","@id":"https:\/\/sophie-cohen-psychologue.com\/index.php\/cabinet\/#primaryimage","url":"http:\/\/sophie-cohen-psychologue.com\/wp-content\/uploads\/2020\/11\/Sophie-Cohen-Psychologue-Paris-5e-Seances-1024x768.jpg","contentUrl":"http:\/\/sophie-cohen-psychologue.com\/wp-content\/uploads\/2020\/11\/Sophie-Cohen-Psychologue-Paris-5e-Seances-1024x768.jpg"},{"@type":"BreadcrumbList","@id":"https:\/\/sophie-cohen-psychologue.com\/index.php\/cabinet\/#breadcrumb","itemListElement":[{"@type":"ListItem","position":1,"name":"Accueil","item":"https:\/\/sophie-cohen-psychologue.com\/"},{"@type":"ListItem","position":2,"name":"Le cabinet"}]},{"@type":"WebSite","@id":"https:\/\/sophie-cohen-psychologue.com\/#website","url":"https:\/\/sophie-cohen-psychologue.com\/","name":"Sophie Cohen, psychologue Paris 5e","description":"","publisher":{"@id":"https:\/\/sophie-cohen-psychologue.com\/#\/schema\/person\/fca3c7ff1eb34da06cd173b137d4852a"},"potentialAction":[{"@type":"SearchAction","target":{"@type":"EntryPoint","urlTemplate":"https:\/\/sophie-cohen-psychologue.com\/?s={search_term_string}"},"query-input":{"@type":"PropertyValueSpecification","valueRequired":true,"valueName":"search_term_string"}}],"inLanguage":"fr-FR"},{"@type":["Person","Organization"],"@id":"https:\/\/sophie-cohen-psychologue.com\/#\/schema\/person\/fca3c7ff1eb34da06cd173b137d4852a","name":"Sophie Cohen, psychologue Paris 5e","image":{"@type":"ImageObject","inLanguage":"fr-FR","@id":"https:\/\/secure.gravatar.com\/avatar\/d55f155746c19096fe7e8a9d093fa497cd007adb27fb0bcf3b61cd31a928956a?s=96&d=mm&r=g","url":"https:\/\/secure.gravatar.com\/avatar\/d55f155746c19096fe7e8a9d093fa497cd007adb27fb0bcf3b61cd31a928956a?s=96&d=mm&r=g","contentUrl":"https:\/\/secure.gravatar.com\/avatar\/d55f155746c19096fe7e8a9d093fa497cd007adb27fb0bcf3b61cd31a928956a?s=96&d=mm&r=g","caption":"Sophie Cohen, psychologue Paris 5e"},"logo":{"@id":"https:\/\/secure.gravatar.com\/avatar\/d55f155746c19096fe7e8a9d093fa497cd007adb27fb0bcf3b61cd31a928956a?s=96&d=mm&r=g"},"sameAs":["http:\/\/sophie-cohen-psychologue.com"]}]}},"_links":{"self":[{"href":"https:\/\/sophie-cohen-psychologue.com\/index.php\/wp-json\/wp\/v2\/pages\/74","targetHints":{"allow":["GET"]}}],"collection":[{"href":"https:\/\/sophie-cohen-psychologue.com\/index.php\/wp-json\/wp\/v2\/pages"}],"about":[{"href":"https:\/\/sophie-cohen-psychologue.com\/index.php\/wp-json\/wp\/v2\/types\/page"}],"author":[{"embeddable":true,"href":"https:\/\/sophie-cohen-psychologue.com\/index.php\/wp-json\/wp\/v2\/users\/1"}],"replies":[{"embeddable":true,"href":"https:\/\/sophie-cohen-psychologue.com\/index.php\/wp-json\/wp\/v2\/comments?post=74"}],"version-history":[{"count":18,"href":"https:\/\/sophie-cohen-psychologue.com\/index.php\/wp-json\/wp\/v2\/pages\/74\/revisions"}],"predecessor-version":[{"id":533,"href":"https:\/\/sophie-cohen-psychologue.com\/index.php\/wp-json\/wp\/v2\/pages\/74\/revisions\/533"}],"wp:attachment":[{"href":"https:\/\/sophie-cohen-psychologue.com\/index.php\/wp-json\/wp\/v2\/media?parent=74"}],"curies":[{"name":"wp","href":"https:\/\/api.w.org\/{rel}","templated":true}]}}