{"id":65,"date":"2020-10-31T11:25:25","date_gmt":"2020-10-31T11:25:25","guid":{"rendered":"http:\/\/sophie-cohen-psychologue.com\/?page_id=65"},"modified":"2021-05-22T20:23:51","modified_gmt":"2021-05-22T18:23:51","slug":"accueil","status":"publish","type":"page","link":"https:\/\/sophie-cohen-psychologue.com\/","title":{"rendered":"Accueil"},"content":{"rendered":"<p><strong>Psychologue clinicienne d\u2019orientation psychanalytique, je suis dipl\u00f4m\u00e9e de l\u2019universit\u00e9 Paris 7. Mon cabinet est situ\u00e9 \u00e0 Paris, dans le 5<sup>e<\/sup> arrondissement.<\/strong><\/p>\n\n\n<p>Seuls deux titres garantissent une formation reconnue par l\u2019\u00c9tat&nbsp;: le titre de <em>psychiatre<\/em> et celui de <em>psychologue<\/em>.<\/p>\n\n\n\n<p>Le <em>psychiatre<\/em> est un m\u00e9decin, habilit\u00e9 \u00e0 \u00e9tablir une ordonnance.<\/p>\n\n\n\n<p>J\u2019ai le titre de <em>psychologue&nbsp;:<\/em> cela signifie que j\u2019ai effectu\u00e9 un cursus universitaire de cinq ans, \u00e9tay\u00e9 par plusieurs stages en institution.<\/p>\n\n\n\n<p>Dans ce cadre, j\u2019ai notamment travaill\u00e9 dans un service de <em>psychiatrie<\/em> adulte, \u00e0 <em>l\u2019h\u00f4pital Maison Blanche, <\/em>dans un \u00e9tablissement et service d\u2019aide par le travail (Esat) et dans un lieu d\u2019accueil enfants-parents.<\/p>\n\n\n\n<p>Par ailleurs, j\u2019ai suivi une <em>psychanalyse<\/em> et continue \u00e0 me former (s\u00e9minaires, journ\u00e9es d\u2019\u00e9tude) aupr\u00e8s d\u2019une <em>soci\u00e9t\u00e9 psychanalytique<\/em>.<\/p>\n","protected":false},"excerpt":{"rendered":"<p>Psychologue clinicienne d\u2019orientation psychanalytique, je suis dipl\u00f4m\u00e9e de l\u2019universit\u00e9 Paris 7. Mon cabinet est situ\u00e9 \u00e0 Paris, dans le 5e arrondissement. Seuls deux titres garantissent une formation reconnue par l\u2019\u00c9tat&nbsp;: le titre de psychiatre et celui de psychologue. Le psychiatre est un m\u00e9decin, habilit\u00e9 \u00e0 \u00e9tablir une ordonnance. J\u2019ai le titre de psychologue&nbsp;: cela signifie [&hellip;]<\/p>\n","protected":false},"author":1,"featured_media":0,"parent":0,"menu_order":0,"comment_status":"closed","ping_status":"closed","template":"","meta":{"footnotes":""},"class_list":["post-65","page","type-page","status-publish","hentry"],"yoast_head":"<!-- This site is optimized with the Yoast SEO plugin v27.6 - https:\/\/yoast.com\/product\/yoast-seo-wordpress\/ -->\n<title>Sophie Cohen | Psychologue Paris 5e<\/title>\n<meta name=\"description\" content=\"Psychologue clinicienne d\u2019orientation psychanalytique, je suis dipl\u00f4m\u00e9e de l\u2019universit\u00e9 Paris 7. Mon cabinet est situ\u00e9 \u00e0 Paris, dans le 5e arrondissement.\" \/>\n<meta name=\"robots\" content=\"index, follow, max-snippet:-1, max-image-preview:large, max-video-preview:-1\" \/>\n<link rel=\"canonical\" href=\"https:\/\/sophie-cohen-psychologue.com\/\" \/>\n<meta property=\"og:locale\" content=\"fr_FR\" \/>\n<meta property=\"og:type\" content=\"article\" \/>\n<meta property=\"og:title\" content=\"Sophie Cohen | Psychologue Paris 5e\" \/>\n<meta property=\"og:description\" content=\"Psychologue clinicienne d\u2019orientation psychanalytique, je suis dipl\u00f4m\u00e9e de l\u2019universit\u00e9 Paris 7. Mon cabinet est situ\u00e9 \u00e0 Paris, dans le 5e arrondissement.\" \/>\n<meta property=\"og:url\" content=\"https:\/\/sophie-cohen-psychologue.com\/\" \/>\n<meta property=\"og:site_name\" content=\"Sophie Cohen, psychologue Paris 5e\" \/>\n<meta property=\"article:modified_time\" content=\"2021-05-22T18:23:51+00:00\" \/>\n<meta name=\"twitter:card\" content=\"summary_large_image\" \/>\n<meta name=\"twitter:label1\" content=\"Dur\u00e9e de lecture estim\u00e9e\" \/>\n\t<meta name=\"twitter:data1\" content=\"1 minute\" \/>\n<script type=\"application\/ld+json\" class=\"yoast-schema-graph\">{\"@context\":\"https:\\\/\\\/schema.org\",\"@graph\":[{\"@type\":\"WebPage\",\"@id\":\"https:\\\/\\\/sophie-cohen-psychologue.com\\\/\",\"url\":\"https:\\\/\\\/sophie-cohen-psychologue.com\\\/\",\"name\":\"Sophie Cohen | Psychologue Paris 5e\",\"isPartOf\":{\"@id\":\"https:\\\/\\\/sophie-cohen-psychologue.com\\\/#website\"},\"datePublished\":\"2020-10-31T11:25:25+00:00\",\"dateModified\":\"2021-05-22T18:23:51+00:00\",\"description\":\"Psychologue clinicienne d\u2019orientation psychanalytique, je suis dipl\u00f4m\u00e9e de l\u2019universit\u00e9 Paris 7. Mon cabinet est situ\u00e9 \u00e0 Paris, dans le 5e arrondissement.\",\"breadcrumb\":{\"@id\":\"https:\\\/\\\/sophie-cohen-psychologue.com\\\/#breadcrumb\"},\"inLanguage\":\"fr-FR\",\"potentialAction\":[{\"@type\":\"ReadAction\",\"target\":[\"https:\\\/\\\/sophie-cohen-psychologue.com\\\/\"]}]},{\"@type\":\"BreadcrumbList\",\"@id\":\"https:\\\/\\\/sophie-cohen-psychologue.com\\\/#breadcrumb\",\"itemListElement\":[{\"@type\":\"ListItem\",\"position\":1,\"name\":\"Accueil\",\"item\":\"https:\\\/\\\/sophie-cohen-psychologue.com\\\/\"},{\"@type\":\"ListItem\",\"position\":2,\"name\":\"Accueil\"}]},{\"@type\":\"WebSite\",\"@id\":\"https:\\\/\\\/sophie-cohen-psychologue.com\\\/#website\",\"url\":\"https:\\\/\\\/sophie-cohen-psychologue.com\\\/\",\"name\":\"Sophie Cohen, psychologue Paris 5e\",\"description\":\"\",\"publisher\":{\"@id\":\"https:\\\/\\\/sophie-cohen-psychologue.com\\\/#\\\/schema\\\/person\\\/fca3c7ff1eb34da06cd173b137d4852a\"},\"potentialAction\":[{\"@type\":\"SearchAction\",\"target\":{\"@type\":\"EntryPoint\",\"urlTemplate\":\"https:\\\/\\\/sophie-cohen-psychologue.com\\\/?s={search_term_string}\"},\"query-input\":{\"@type\":\"PropertyValueSpecification\",\"valueRequired\":true,\"valueName\":\"search_term_string\"}}],\"inLanguage\":\"fr-FR\"},{\"@type\":[\"Person\",\"Organization\"],\"@id\":\"https:\\\/\\\/sophie-cohen-psychologue.com\\\/#\\\/schema\\\/person\\\/fca3c7ff1eb34da06cd173b137d4852a\",\"name\":\"Sophie Cohen, psychologue Paris 5e\",\"image\":{\"@type\":\"ImageObject\",\"inLanguage\":\"fr-FR\",\"@id\":\"https:\\\/\\\/secure.gravatar.com\\\/avatar\\\/d55f155746c19096fe7e8a9d093fa497cd007adb27fb0bcf3b61cd31a928956a?s=96&d=mm&r=g\",\"url\":\"https:\\\/\\\/secure.gravatar.com\\\/avatar\\\/d55f155746c19096fe7e8a9d093fa497cd007adb27fb0bcf3b61cd31a928956a?s=96&d=mm&r=g\",\"contentUrl\":\"https:\\\/\\\/secure.gravatar.com\\\/avatar\\\/d55f155746c19096fe7e8a9d093fa497cd007adb27fb0bcf3b61cd31a928956a?s=96&d=mm&r=g\",\"caption\":\"Sophie Cohen, psychologue Paris 5e\"},\"logo\":{\"@id\":\"https:\\\/\\\/secure.gravatar.com\\\/avatar\\\/d55f155746c19096fe7e8a9d093fa497cd007adb27fb0bcf3b61cd31a928956a?s=96&d=mm&r=g\"},\"sameAs\":[\"http:\\\/\\\/sophie-cohen-psychologue.com\"]}]}<\/script>\n<!-- \/ Yoast SEO plugin. -->","yoast_head_json":{"title":"Sophie Cohen | Psychologue Paris 5e","description":"Psychologue clinicienne d\u2019orientation psychanalytique, je suis dipl\u00f4m\u00e9e de l\u2019universit\u00e9 Paris 7. Mon cabinet est situ\u00e9 \u00e0 Paris, dans le 5e arrondissement.","robots":{"index":"index","follow":"follow","max-snippet":"max-snippet:-1","max-image-preview":"max-image-preview:large","max-video-preview":"max-video-preview:-1"},"canonical":"https:\/\/sophie-cohen-psychologue.com\/","og_locale":"fr_FR","og_type":"article","og_title":"Sophie Cohen | Psychologue Paris 5e","og_description":"Psychologue clinicienne d\u2019orientation psychanalytique, je suis dipl\u00f4m\u00e9e de l\u2019universit\u00e9 Paris 7. Mon cabinet est situ\u00e9 \u00e0 Paris, dans le 5e arrondissement.","og_url":"https:\/\/sophie-cohen-psychologue.com\/","og_site_name":"Sophie Cohen, psychologue Paris 5e","article_modified_time":"2021-05-22T18:23:51+00:00","twitter_card":"summary_large_image","twitter_misc":{"Dur\u00e9e de lecture estim\u00e9e":"1 minute"},"schema":{"@context":"https:\/\/schema.org","@graph":[{"@type":"WebPage","@id":"https:\/\/sophie-cohen-psychologue.com\/","url":"https:\/\/sophie-cohen-psychologue.com\/","name":"Sophie Cohen | Psychologue Paris 5e","isPartOf":{"@id":"https:\/\/sophie-cohen-psychologue.com\/#website"},"datePublished":"2020-10-31T11:25:25+00:00","dateModified":"2021-05-22T18:23:51+00:00","description":"Psychologue clinicienne d\u2019orientation psychanalytique, je suis dipl\u00f4m\u00e9e de l\u2019universit\u00e9 Paris 7. Mon cabinet est situ\u00e9 \u00e0 Paris, dans le 5e arrondissement.","breadcrumb":{"@id":"https:\/\/sophie-cohen-psychologue.com\/#breadcrumb"},"inLanguage":"fr-FR","potentialAction":[{"@type":"ReadAction","target":["https:\/\/sophie-cohen-psychologue.com\/"]}]},{"@type":"BreadcrumbList","@id":"https:\/\/sophie-cohen-psychologue.com\/#breadcrumb","itemListElement":[{"@type":"ListItem","position":1,"name":"Accueil","item":"https:\/\/sophie-cohen-psychologue.com\/"},{"@type":"ListItem","position":2,"name":"Accueil"}]},{"@type":"WebSite","@id":"https:\/\/sophie-cohen-psychologue.com\/#website","url":"https:\/\/sophie-cohen-psychologue.com\/","name":"Sophie Cohen, psychologue Paris 5e","description":"","publisher":{"@id":"https:\/\/sophie-cohen-psychologue.com\/#\/schema\/person\/fca3c7ff1eb34da06cd173b137d4852a"},"potentialAction":[{"@type":"SearchAction","target":{"@type":"EntryPoint","urlTemplate":"https:\/\/sophie-cohen-psychologue.com\/?s={search_term_string}"},"query-input":{"@type":"PropertyValueSpecification","valueRequired":true,"valueName":"search_term_string"}}],"inLanguage":"fr-FR"},{"@type":["Person","Organization"],"@id":"https:\/\/sophie-cohen-psychologue.com\/#\/schema\/person\/fca3c7ff1eb34da06cd173b137d4852a","name":"Sophie Cohen, psychologue Paris 5e","image":{"@type":"ImageObject","inLanguage":"fr-FR","@id":"https:\/\/secure.gravatar.com\/avatar\/d55f155746c19096fe7e8a9d093fa497cd007adb27fb0bcf3b61cd31a928956a?s=96&d=mm&r=g","url":"https:\/\/secure.gravatar.com\/avatar\/d55f155746c19096fe7e8a9d093fa497cd007adb27fb0bcf3b61cd31a928956a?s=96&d=mm&r=g","contentUrl":"https:\/\/secure.gravatar.com\/avatar\/d55f155746c19096fe7e8a9d093fa497cd007adb27fb0bcf3b61cd31a928956a?s=96&d=mm&r=g","caption":"Sophie Cohen, psychologue Paris 5e"},"logo":{"@id":"https:\/\/secure.gravatar.com\/avatar\/d55f155746c19096fe7e8a9d093fa497cd007adb27fb0bcf3b61cd31a928956a?s=96&d=mm&r=g"},"sameAs":["http:\/\/sophie-cohen-psychologue.com"]}]}},"_links":{"self":[{"href":"https:\/\/sophie-cohen-psychologue.com\/index.php\/wp-json\/wp\/v2\/pages\/65","targetHints":{"allow":["GET"]}}],"collection":[{"href":"https:\/\/sophie-cohen-psychologue.com\/index.php\/wp-json\/wp\/v2\/pages"}],"about":[{"href":"https:\/\/sophie-cohen-psychologue.com\/index.php\/wp-json\/wp\/v2\/types\/page"}],"author":[{"embeddable":true,"href":"https:\/\/sophie-cohen-psychologue.com\/index.php\/wp-json\/wp\/v2\/users\/1"}],"replies":[{"embeddable":true,"href":"https:\/\/sophie-cohen-psychologue.com\/index.php\/wp-json\/wp\/v2\/comments?post=65"}],"version-history":[{"count":22,"href":"https:\/\/sophie-cohen-psychologue.com\/index.php\/wp-json\/wp\/v2\/pages\/65\/revisions"}],"predecessor-version":[{"id":519,"href":"https:\/\/sophie-cohen-psychologue.com\/index.php\/wp-json\/wp\/v2\/pages\/65\/revisions\/519"}],"wp:attachment":[{"href":"https:\/\/sophie-cohen-psychologue.com\/index.php\/wp-json\/wp\/v2\/media?parent=65"}],"curies":[{"name":"wp","href":"https:\/\/api.w.org\/{rel}","templated":true}]}}